{"id":1782,"date":"2026-04-07T09:48:55","date_gmt":"2026-04-07T07:48:55","guid":{"rendered":"https:\/\/test.cursosarysa.es\/casting\/"},"modified":"2026-05-07T19:22:20","modified_gmt":"2026-05-07T17:22:20","slug":"casting","status":"publish","type":"page","link":"https:\/\/test.cursosarysa.es\/en\/casting\/","title":{"rendered":"Casting"},"content":{"rendered":"\t\t<div data-elementor-type=\"wp-page\" data-elementor-id=\"1782\" class=\"elementor elementor-1782 elementor-784\" data-elementor-post-type=\"page\">\n\t\t\t\t<div class=\"elementor-element elementor-element-9c91a8f e-con-full e-flex e-con e-parent\" data-id=\"9c91a8f\" data-element_type=\"container\" data-e-type=\"container\" data-settings=\"{&quot;jet_parallax_layout_list&quot;:[]}\">\n\t\t<div class=\"elementor-element elementor-element-5e4b674 e-con-full e-flex e-con e-child\" data-id=\"5e4b674\" data-element_type=\"container\" data-e-type=\"container\" data-settings=\"{&quot;jet_parallax_layout_list&quot;:[]}\">\n\t\t\t\t<div class=\"elementor-element elementor-element-3c6074f elementor-widget elementor-widget-heading\" data-id=\"3c6074f\" data-element_type=\"widget\" data-e-type=\"widget\" data-widget_type=\"heading.default\">\n\t\t\t\t\t<h1 class=\"elementor-heading-title elementor-size-default\">Would you like your little one to be the next face of Mac Ilusi\u00f3n?<\/h1>\t\t\t\t<\/div>\n\t\t\t\t<div class=\"elementor-element elementor-element-69cf968 elementor-widget elementor-widget-text-editor\" data-id=\"69cf968\" data-element_type=\"widget\" data-e-type=\"widget\" data-widget_type=\"text-editor.default\">\n\t\t\t\t\t\t\t\t\t<p>At Mac Ilusi\u00f3n, we are looking for boys and girls with a special spark to bring our collections to life. If you would like your child to be part of our family and share the excitement of our upcoming campaigns with us, please complete this form. We value naturalness and joy above all else. Leave us your details and, if the profile fits our new season, we will contact your family to share this experience together.   <\/p>\t\t\t\t\t\t\t\t<\/div>\n\t\t\t\t<div class=\"elementor-element elementor-element-629fcd9 elementor-widget elementor-widget-heading\" data-id=\"629fcd9\" data-element_type=\"widget\" data-e-type=\"widget\" data-widget_type=\"heading.default\">\n\t\t\t\t\t<div class=\"elementor-heading-title elementor-size-default\">There are currently no open calls.<\/div>\t\t\t\t<\/div>\n\t\t\t\t<div class=\"elementor-element elementor-element-20c424f elementor-hidden-desktop elementor-hidden-tablet elementor-hidden-mobile elementor-button-align-stretch elementor-widget elementor-widget-form\" data-id=\"20c424f\" data-element_type=\"widget\" data-e-type=\"widget\" data-settings=\"{&quot;step_next_label&quot;:&quot;Next&quot;,&quot;step_previous_label&quot;:&quot;Previous&quot;,&quot;button_width&quot;:&quot;100&quot;,&quot;step_type&quot;:&quot;number_text&quot;,&quot;step_icon_shape&quot;:&quot;circle&quot;}\" data-widget_type=\"form.default\">\n\t\t\t\t\t\t\t<form class=\"elementor-form\" method=\"post\" name=\"New form\" aria-label=\"New form\">\n\t\t\t<input type=\"hidden\" name=\"post_id\" value=\"1782\"\/>\n\t\t\t<input type=\"hidden\" name=\"form_id\" value=\"20c424f\"\/>\n\t\t\t<input type=\"hidden\" name=\"referer_title\" value=\"Casting - Mac Ilusi\u00f3n\" \/>\n\n\t\t\t\t\t\t\t<input type=\"hidden\" name=\"queried_id\" value=\"1782\"\/>\n\t\t\t\n\t\t\t<div class=\"elementor-form-fields-wrapper elementor-labels-above\">\n\t\t\t\t\t\t\t\t<div class=\"elementor-field-type-step elementor-field-group elementor-column elementor-field-group-field_a18586b elementor-col-100\">\n\t\t\t\t\t\t\t<div class=\"e-field-step elementor-hidden\" data-label=\"Details of the father \/ mother \/ legal guardian\" data-previousButton=\"\" data-nextButton=\"\" data-iconUrl=\"\" data-iconLibrary=\"fas fa-star\" data-icon=\"&lt;svg class=&quot;e-font-icon-svg e-fas-star&quot; viewBox=&quot;0 0 576 512&quot; xmlns=&quot;http:\/\/www.w3.org\/2000\/svg&quot;&gt;&lt;path d=&quot;M259.3 17.8L194 150.2 47.9 171.5c-26.2 3.8-36.7 36.1-17.7 54.6l105.7 103-25 145.5c-4.5 26.3 23.2 46 46.4 33.7L288 439.6l130.7 68.7c23.2 12.2 50.9-7.4 46.4-33.7l-25-145.5 105.7-103c19-18.5 8.5-50.8-17.7-54.6L382 150.2 316.7 17.8c-11.7-23.6-45.6-23.9-57.4 0z&quot;&gt;&lt;\/path&gt;&lt;\/svg&gt;\" ><\/div>\n\n\t\t\t\t\t\t<\/div>\n\t\t\t\t\t\t\t\t<div class=\"elementor-field-type-recaptcha_v3 elementor-field-group elementor-column elementor-field-group-field_5bdf424 elementor-col-100 recaptcha_v3-bottomright\">\n\t\t\t\t\t<div class=\"elementor-field\" id=\"form-field-field_5bdf424\"><\/div>\t\t\t\t<\/div>\n\t\t\t\t\t\t\t\t<div class=\"elementor-field-type-text elementor-field-group elementor-column elementor-field-group-name elementor-col-50 elementor-field-required elementor-mark-required\">\n\t\t\t\t\t\t\t\t\t\t\t\t<label for=\"form-field-name\" class=\"elementor-field-label\">\n\t\t\t\t\t\t\t\tFirst Name\t\t\t\t\t\t\t<\/label>\n\t\t\t\t\t\t\t\t\t\t\t\t\t\t<input size=\"1\" type=\"text\" name=\"form_fields[name]\" id=\"form-field-name\" class=\"elementor-field elementor-size-md  elementor-field-textual\" required=\"required\">\n\t\t\t\t\t\t\t\t\t\t\t<\/div>\n\t\t\t\t\t\t\t\t<div class=\"elementor-field-type-text elementor-field-group elementor-column elementor-field-group-field_c3d34c2 elementor-col-50 elementor-field-required elementor-mark-required\">\n\t\t\t\t\t\t\t\t\t\t\t\t<label for=\"form-field-field_c3d34c2\" class=\"elementor-field-label\">\n\t\t\t\t\t\t\t\tLast Name\t\t\t\t\t\t\t<\/label>\n\t\t\t\t\t\t\t\t\t\t\t\t\t\t<input size=\"1\" type=\"text\" name=\"form_fields[field_c3d34c2]\" id=\"form-field-field_c3d34c2\" class=\"elementor-field elementor-size-md  elementor-field-textual\" required=\"required\">\n\t\t\t\t\t\t\t\t\t\t\t<\/div>\n\t\t\t\t\t\t\t\t<div class=\"elementor-field-type-text elementor-field-group elementor-column elementor-field-group-field_17483d8 elementor-col-50 elementor-field-required elementor-mark-required\">\n\t\t\t\t\t\t\t\t\t\t\t\t<label for=\"form-field-field_17483d8\" class=\"elementor-field-label\">\n\t\t\t\t\t\t\t\tID Number\t\t\t\t\t\t\t<\/label>\n\t\t\t\t\t\t\t\t\t\t\t\t\t\t<input size=\"1\" type=\"text\" name=\"form_fields[field_17483d8]\" id=\"form-field-field_17483d8\" class=\"elementor-field elementor-size-md  elementor-field-textual\" required=\"required\">\n\t\t\t\t\t\t\t\t\t\t\t<\/div>\n\t\t\t\t\t\t\t\t<div class=\"elementor-field-type-tel elementor-field-group elementor-column elementor-field-group-field_a1f977a elementor-col-50 elementor-field-required elementor-mark-required\">\n\t\t\t\t\t\t\t\t\t\t\t\t<label for=\"form-field-field_a1f977a\" class=\"elementor-field-label\">\n\t\t\t\t\t\t\t\tPhone\t\t\t\t\t\t\t<\/label>\n\t\t\t\t\t\t\t\t<input size=\"1\" type=\"tel\" name=\"form_fields[field_a1f977a]\" id=\"form-field-field_a1f977a\" class=\"elementor-field elementor-size-md  elementor-field-textual\" required=\"required\" pattern=\"[0-9()#&amp;+*-=.]+\" title=\"Only numbers and phone characters (#, -, *, etc) are accepted.\">\n\n\t\t\t\t\t\t<\/div>\n\t\t\t\t\t\t\t\t<div class=\"elementor-field-type-email elementor-field-group elementor-column elementor-field-group-email elementor-col-50 elementor-field-required elementor-mark-required\">\n\t\t\t\t\t\t\t\t\t\t\t\t<label for=\"form-field-email\" class=\"elementor-field-label\">\n\t\t\t\t\t\t\t\tEmail\t\t\t\t\t\t\t<\/label>\n\t\t\t\t\t\t\t\t\t\t\t\t\t\t<input size=\"1\" type=\"email\" name=\"form_fields[email]\" id=\"form-field-email\" class=\"elementor-field elementor-size-md  elementor-field-textual\" required=\"required\">\n\t\t\t\t\t\t\t\t\t\t\t<\/div>\n\t\t\t\t\t\t\t\t<div class=\"elementor-field-type-text elementor-field-group elementor-column elementor-field-group-field_0424063 elementor-col-50 elementor-field-required elementor-mark-required\">\n\t\t\t\t\t\t\t\t\t\t\t\t<label for=\"form-field-field_0424063\" class=\"elementor-field-label\">\n\t\t\t\t\t\t\t\tCity\t\t\t\t\t\t\t<\/label>\n\t\t\t\t\t\t\t\t\t\t\t\t\t\t<input size=\"1\" type=\"text\" name=\"form_fields[field_0424063]\" id=\"form-field-field_0424063\" class=\"elementor-field elementor-size-md  elementor-field-textual\" required=\"required\">\n\t\t\t\t\t\t\t\t\t\t\t<\/div>\n\t\t\t\t\t\t\t\t<div class=\"elementor-field-type-text elementor-field-group elementor-column elementor-field-group-field_30f2283 elementor-col-100 elementor-field-required elementor-mark-required\">\n\t\t\t\t\t\t\t\t\t\t\t\t<label for=\"form-field-field_30f2283\" class=\"elementor-field-label\">\n\t\t\t\t\t\t\t\tProvince\t\t\t\t\t\t\t<\/label>\n\t\t\t\t\t\t\t\t\t\t\t\t\t\t<input size=\"1\" type=\"text\" name=\"form_fields[field_30f2283]\" id=\"form-field-field_30f2283\" class=\"elementor-field elementor-size-md  elementor-field-textual\" required=\"required\">\n\t\t\t\t\t\t\t\t\t\t\t<\/div>\n\t\t\t\t\t\t\t\t<div class=\"elementor-field-type-step elementor-field-group elementor-column elementor-field-group-field_16b735f elementor-col-100\">\n\t\t\t\t\t\t\t<div class=\"e-field-step elementor-hidden\" data-label=\"Child&#039;s details\" data-previousButton=\"\" data-nextButton=\"\" data-iconUrl=\"\" data-iconLibrary=\"fas fa-star\" data-icon=\"&lt;svg class=&quot;e-font-icon-svg e-fas-star&quot; viewBox=&quot;0 0 576 512&quot; xmlns=&quot;http:\/\/www.w3.org\/2000\/svg&quot;&gt;&lt;path d=&quot;M259.3 17.8L194 150.2 47.9 171.5c-26.2 3.8-36.7 36.1-17.7 54.6l105.7 103-25 145.5c-4.5 26.3 23.2 46 46.4 33.7L288 439.6l130.7 68.7c23.2 12.2 50.9-7.4 46.4-33.7l-25-145.5 105.7-103c19-18.5 8.5-50.8-17.7-54.6L382 150.2 316.7 17.8c-11.7-23.6-45.6-23.9-57.4 0z&quot;&gt;&lt;\/path&gt;&lt;\/svg&gt;\" ><\/div>\n\n\t\t\t\t\t\t<\/div>\n\t\t\t\t\t\t\t\t<div class=\"elementor-field-type-text elementor-field-group elementor-column elementor-field-group-field_a2f74dc elementor-col-100 elementor-field-required elementor-mark-required\">\n\t\t\t\t\t\t\t\t\t\t\t\t<label for=\"form-field-field_a2f74dc\" class=\"elementor-field-label\">\n\t\t\t\t\t\t\t\tFull Name \t\t\t\t\t\t\t<\/label>\n\t\t\t\t\t\t\t\t\t\t\t\t\t\t<input size=\"1\" type=\"text\" name=\"form_fields[field_a2f74dc]\" id=\"form-field-field_a2f74dc\" class=\"elementor-field elementor-size-md  elementor-field-textual\" required=\"required\">\n\t\t\t\t\t\t\t\t\t\t\t<\/div>\n\t\t\t\t\t\t\t\t<div class=\"elementor-field-type-date elementor-field-group elementor-column elementor-field-group-field_c64c3dc elementor-col-100\">\n\t\t\t\t\t\t\t\t\t\t\t\t<label for=\"form-field-field_c64c3dc\" class=\"elementor-field-label\">\n\t\t\t\t\t\t\t\tDate of birth \t\t\t\t\t\t\t<\/label>\n\t\t\t\t\t\t\n\t\t<input type=\"date\" name=\"form_fields[field_c64c3dc]\" id=\"form-field-field_c64c3dc\" class=\"elementor-field elementor-size-md  elementor-field-textual elementor-date-field\" pattern=\"[0-9]{4}-[0-9]{2}-[0-9]{2}\">\n\t\t\t\t\t\t<\/div>\n\t\t\t\t\t\t\t\t<div class=\"elementor-field-type-text elementor-field-group elementor-column elementor-field-group-field_89cf4ec elementor-col-33\">\n\t\t\t\t\t\t\t\t\t\t\t\t<label for=\"form-field-field_89cf4ec\" class=\"elementor-field-label\">\n\t\t\t\t\t\t\t\tHeight (in cm) \t\t\t\t\t\t\t<\/label>\n\t\t\t\t\t\t\t\t\t\t\t\t\t\t<input size=\"1\" type=\"text\" name=\"form_fields[field_89cf4ec]\" id=\"form-field-field_89cf4ec\" class=\"elementor-field elementor-size-md  elementor-field-textual\">\n\t\t\t\t\t\t\t\t\t\t\t<\/div>\n\t\t\t\t\t\t\t\t<div class=\"elementor-field-type-text elementor-field-group elementor-column elementor-field-group-field_df0cf7b elementor-col-33\">\n\t\t\t\t\t\t\t\t\t\t\t\t<label for=\"form-field-field_df0cf7b\" class=\"elementor-field-label\">\n\t\t\t\t\t\t\t\tClothing size \t\t\t\t\t\t\t<\/label>\n\t\t\t\t\t\t\t\t\t\t\t\t\t\t<input size=\"1\" type=\"text\" name=\"form_fields[field_df0cf7b]\" id=\"form-field-field_df0cf7b\" class=\"elementor-field elementor-size-md  elementor-field-textual\">\n\t\t\t\t\t\t\t\t\t\t\t<\/div>\n\t\t\t\t\t\t\t\t<div class=\"elementor-field-type-text elementor-field-group elementor-column elementor-field-group-field_74b944b elementor-col-33\">\n\t\t\t\t\t\t\t\t\t\t\t\t<label for=\"form-field-field_74b944b\" class=\"elementor-field-label\">\n\t\t\t\t\t\t\t\tShoe size \t\t\t\t\t\t\t<\/label>\n\t\t\t\t\t\t\t\t\t\t\t\t\t\t<input size=\"1\" type=\"text\" name=\"form_fields[field_74b944b]\" id=\"form-field-field_74b944b\" class=\"elementor-field elementor-size-md  elementor-field-textual\">\n\t\t\t\t\t\t\t\t\t\t\t<\/div>\n\t\t\t\t\t\t\t\t<div class=\"elementor-field-type-textarea elementor-field-group elementor-column elementor-field-group-field_08aee9f elementor-col-100 elementor-field-required elementor-mark-required\">\n\t\t\t\t\t\t\t\t\t\t\t\t<label for=\"form-field-field_08aee9f\" class=\"elementor-field-label\">\n\t\t\t\t\t\t\t\tPrevious work with other brands. It is important not to have other active castings with other brands \t\t\t\t\t\t\t<\/label>\n\t\t\t\t\t\t<textarea class=\"elementor-field-textual elementor-field  elementor-size-md\" name=\"form_fields[field_08aee9f]\" id=\"form-field-field_08aee9f\" rows=\"4\" required=\"required\"><\/textarea>\t\t\t\t<\/div>\n\t\t\t\t\t\t\t\t<div class=\"elementor-field-type-upload elementor-field-group elementor-column elementor-field-group-field_c765983 elementor-col-100 elementor-field-required elementor-mark-required\">\n\t\t\t\t\t\t\t\t\t\t\t\t<label for=\"form-field-field_c765983\" class=\"elementor-field-label\">\n\t\t\t\t\t\t\t\tPhotos of the child\t\t\t\t\t\t\t<\/label>\n\t\t\t\t\t\t\t\t<input type=\"file\" name=\"form_fields[field_c765983][]\" id=\"form-field-field_c765983\" class=\"elementor-field elementor-size-md  elementor-upload-field\" required=\"required\" multiple=\"multiple\">\n\n\t\t\t\t\t\t<\/div>\n\t\t\t\t\t\t\t\t<div class=\"elementor-field-type-acceptance elementor-field-group elementor-column elementor-field-group-field_ef6f03a elementor-col-100 elementor-field-required elementor-mark-required\">\n\t\t\t\t\t\t\t<div class=\"elementor-field-subgroup\">\n\t\t\t<span class=\"elementor-field-option\">\n\t\t\t\t<input type=\"checkbox\" name=\"form_fields[field_ef6f03a]\" id=\"form-field-field_ef6f03a\" class=\"elementor-field elementor-size-md  elementor-acceptance-field\" required=\"required\">\n\t\t\t\t<label for=\"form-field-field_ef6f03a\">To submit this form, you must accept our <a href=\"https:\/\/test.cursosarysa.es\/politica-de-privacidad\/\">privacy policy\n<\/a><\/label>\t\t\t<\/span>\n\t\t<\/div>\n\t\t\t\t\t\t<\/div>\n\t\t\t\t\t\t\t\t<div class=\"elementor-field-group elementor-column elementor-field-type-submit elementor-col-100 e-form__buttons\">\n\t\t\t\t\t<button class=\"elementor-button elementor-size-sm\" type=\"submit\">\n\t\t\t\t\t\t<span class=\"elementor-button-content-wrapper\">\n\t\t\t\t\t\t\t\t\t\t\t\t\t\t\t\t\t\t\t\t\t\t<span class=\"elementor-button-text\">Send<\/span>\n\t\t\t\t\t\t\t\t\t\t\t\t\t<\/span>\n\t\t\t\t\t<\/button>\n\t\t\t\t<\/div>\n\t\t\t<\/div>\n\t\t<\/form>\n\t\t\t\t\t\t<\/div>\n\t\t\t\t<\/div>\n\t\t\t\t<div class=\"elementor-element elementor-element-6c38ae6 elementor-widget__width-initial elementor-widget-tablet__width-inherit elementor-widget-mobile__width-inherit elementor-widget elementor-widget-image\" data-id=\"6c38ae6\" data-element_type=\"widget\" data-e-type=\"widget\" data-widget_type=\"image.default\">\n\t\t\t\t\t\t\t\t\t\t\t\t\t\t\t<img fetchpriority=\"high\" decoding=\"async\" width=\"800\" height=\"979\" src=\"https:\/\/test.cursosarysa.es\/wp-content\/uploads\/2026\/04\/mac-ilusion-casting-837x1024.webp\" class=\"attachment-large size-large wp-image-1781\" alt=\"\" srcset=\"https:\/\/test.cursosarysa.es\/wp-content\/uploads\/2026\/04\/mac-ilusion-casting-837x1024.webp 837w, https:\/\/test.cursosarysa.es\/wp-content\/uploads\/2026\/04\/mac-ilusion-casting-245x300.webp 245w, https:\/\/test.cursosarysa.es\/wp-content\/uploads\/2026\/04\/mac-ilusion-casting-768x940.webp 768w, https:\/\/test.cursosarysa.es\/wp-content\/uploads\/2026\/04\/mac-ilusion-casting-600x734.webp 600w, https:\/\/test.cursosarysa.es\/wp-content\/uploads\/2026\/04\/mac-ilusion-casting.webp 1074w\" sizes=\"(max-width: 800px) 100vw, 800px\" \/>\t\t\t\t\t\t\t\t\t\t\t\t\t\t\t<\/div>\n\t\t\t\t<\/div>\n\t\t\t\t<\/div>\n\t\t","protected":false},"excerpt":{"rendered":"<p>Would you like your little one to be the next face of Mac Ilusi\u00f3n? At Mac Ilusi\u00f3n, we are looking for boys and girls with a special spark to bring our collections to life. If you would like your child to be part of our family and share the excitement of our upcoming campaigns with [&hellip;]<\/p>\n","protected":false},"author":1,"featured_media":0,"parent":0,"menu_order":0,"comment_status":"closed","ping_status":"closed","template":"","meta":{"footnotes":""},"class_list":["post-1782","page","type-page","status-publish","hentry"],"yoast_head":"<!-- This site is optimized with the Yoast SEO plugin v27.5 - https:\/\/yoast.com\/product\/yoast-seo-wordpress\/ -->\n<title>Casting - Mac Ilusi\u00f3n<\/title>\n<meta name=\"robots\" content=\"index, follow, max-snippet:-1, max-image-preview:large, max-video-preview:-1\" \/>\n<link rel=\"canonical\" href=\"https:\/\/test.cursosarysa.es\/en\/casting\/\" \/>\n<meta property=\"og:locale\" content=\"en_US\" \/>\n<meta property=\"og:type\" content=\"article\" \/>\n<meta property=\"og:title\" content=\"Casting - Mac Ilusi\u00f3n\" \/>\n<meta property=\"og:description\" content=\"Would you like your little one to be the next face of Mac Ilusi\u00f3n? At Mac Ilusi\u00f3n, we are looking for boys and girls with a special spark to bring our collections to life. If you would like your child to be part of our family and share the excitement of our upcoming campaigns with [&hellip;]\" \/>\n<meta property=\"og:url\" content=\"https:\/\/test.cursosarysa.es\/en\/casting\/\" \/>\n<meta property=\"og:site_name\" content=\"Mac Ilusi\u00f3n\" \/>\n<meta property=\"article:modified_time\" content=\"2026-05-07T17:22:20+00:00\" \/>\n<meta property=\"og:image\" content=\"https:\/\/test.cursosarysa.es\/wp-content\/uploads\/2026\/04\/mac-ilusion-casting.webp\" \/>\n\t<meta property=\"og:image:width\" content=\"1074\" \/>\n\t<meta property=\"og:image:height\" content=\"1314\" \/>\n\t<meta property=\"og:image:type\" content=\"image\/webp\" \/>\n<meta name=\"twitter:card\" content=\"summary_large_image\" \/>\n<script type=\"application\/ld+json\" class=\"yoast-schema-graph\">{\"@context\":\"https:\\\/\\\/schema.org\",\"@graph\":[{\"@type\":\"WebPage\",\"@id\":\"https:\\\/\\\/test.cursosarysa.es\\\/en\\\/casting\\\/\",\"url\":\"https:\\\/\\\/test.cursosarysa.es\\\/en\\\/casting\\\/\",\"name\":\"Casting - Mac Ilusi\u00f3n\",\"isPartOf\":{\"@id\":\"https:\\\/\\\/test.cursosarysa.es\\\/#website\"},\"primaryImageOfPage\":{\"@id\":\"https:\\\/\\\/test.cursosarysa.es\\\/en\\\/casting\\\/#primaryimage\"},\"image\":{\"@id\":\"https:\\\/\\\/test.cursosarysa.es\\\/en\\\/casting\\\/#primaryimage\"},\"thumbnailUrl\":\"https:\\\/\\\/test.cursosarysa.es\\\/wp-content\\\/uploads\\\/2026\\\/04\\\/mac-ilusion-casting-837x1024.webp\",\"datePublished\":\"2026-04-07T07:48:55+00:00\",\"dateModified\":\"2026-05-07T17:22:20+00:00\",\"breadcrumb\":{\"@id\":\"https:\\\/\\\/test.cursosarysa.es\\\/en\\\/casting\\\/#breadcrumb\"},\"inLanguage\":\"en-US\",\"potentialAction\":[{\"@type\":\"ReadAction\",\"target\":[\"https:\\\/\\\/test.cursosarysa.es\\\/en\\\/casting\\\/\"]}]},{\"@type\":\"ImageObject\",\"inLanguage\":\"en-US\",\"@id\":\"https:\\\/\\\/test.cursosarysa.es\\\/en\\\/casting\\\/#primaryimage\",\"url\":\"https:\\\/\\\/test.cursosarysa.es\\\/wp-content\\\/uploads\\\/2026\\\/04\\\/mac-ilusion-casting-837x1024.webp\",\"contentUrl\":\"https:\\\/\\\/test.cursosarysa.es\\\/wp-content\\\/uploads\\\/2026\\\/04\\\/mac-ilusion-casting-837x1024.webp\"},{\"@type\":\"BreadcrumbList\",\"@id\":\"https:\\\/\\\/test.cursosarysa.es\\\/en\\\/casting\\\/#breadcrumb\",\"itemListElement\":[{\"@type\":\"ListItem\",\"position\":1,\"name\":\"Portada\",\"item\":\"https:\\\/\\\/test.cursosarysa.es\\\/en\\\/home\\\/\"},{\"@type\":\"ListItem\",\"position\":2,\"name\":\"Casting\"}]},{\"@type\":\"WebSite\",\"@id\":\"https:\\\/\\\/test.cursosarysa.es\\\/#website\",\"url\":\"https:\\\/\\\/test.cursosarysa.es\\\/\",\"name\":\"Mac Ilusi\u00f3n\",\"description\":\"\",\"publisher\":{\"@id\":\"https:\\\/\\\/test.cursosarysa.es\\\/#organization\"},\"potentialAction\":[{\"@type\":\"SearchAction\",\"target\":{\"@type\":\"EntryPoint\",\"urlTemplate\":\"https:\\\/\\\/test.cursosarysa.es\\\/?s={search_term_string}\"},\"query-input\":{\"@type\":\"PropertyValueSpecification\",\"valueRequired\":true,\"valueName\":\"search_term_string\"}}],\"inLanguage\":\"en-US\"},{\"@type\":\"Organization\",\"@id\":\"https:\\\/\\\/test.cursosarysa.es\\\/#organization\",\"name\":\"Mac Ilusi\u00f3n\",\"url\":\"https:\\\/\\\/test.cursosarysa.es\\\/\",\"logo\":{\"@type\":\"ImageObject\",\"inLanguage\":\"en-US\",\"@id\":\"https:\\\/\\\/test.cursosarysa.es\\\/#\\\/schema\\\/logo\\\/image\\\/\",\"url\":\"https:\\\/\\\/test.cursosarysa.es\\\/wp-content\\\/uploads\\\/2026\\\/03\\\/10.svg\",\"contentUrl\":\"https:\\\/\\\/test.cursosarysa.es\\\/wp-content\\\/uploads\\\/2026\\\/03\\\/10.svg\",\"width\":775,\"height\":152,\"caption\":\"Mac Ilusi\u00f3n\"},\"image\":{\"@id\":\"https:\\\/\\\/test.cursosarysa.es\\\/#\\\/schema\\\/logo\\\/image\\\/\"}}]}<\/script>\n<!-- \/ Yoast SEO plugin. -->","yoast_head_json":{"title":"Casting - Mac Ilusi\u00f3n","robots":{"index":"index","follow":"follow","max-snippet":"max-snippet:-1","max-image-preview":"max-image-preview:large","max-video-preview":"max-video-preview:-1"},"canonical":"https:\/\/test.cursosarysa.es\/en\/casting\/","og_locale":"en_US","og_type":"article","og_title":"Casting - Mac Ilusi\u00f3n","og_description":"Would you like your little one to be the next face of Mac Ilusi\u00f3n? At Mac Ilusi\u00f3n, we are looking for boys and girls with a special spark to bring our collections to life. If you would like your child to be part of our family and share the excitement of our upcoming campaigns with [&hellip;]","og_url":"https:\/\/test.cursosarysa.es\/en\/casting\/","og_site_name":"Mac Ilusi\u00f3n","article_modified_time":"2026-05-07T17:22:20+00:00","og_image":[{"width":1074,"height":1314,"url":"https:\/\/test.cursosarysa.es\/wp-content\/uploads\/2026\/04\/mac-ilusion-casting.webp","type":"image\/webp"}],"twitter_card":"summary_large_image","schema":{"@context":"https:\/\/schema.org","@graph":[{"@type":"WebPage","@id":"https:\/\/test.cursosarysa.es\/en\/casting\/","url":"https:\/\/test.cursosarysa.es\/en\/casting\/","name":"Casting - Mac Ilusi\u00f3n","isPartOf":{"@id":"https:\/\/test.cursosarysa.es\/#website"},"primaryImageOfPage":{"@id":"https:\/\/test.cursosarysa.es\/en\/casting\/#primaryimage"},"image":{"@id":"https:\/\/test.cursosarysa.es\/en\/casting\/#primaryimage"},"thumbnailUrl":"https:\/\/test.cursosarysa.es\/wp-content\/uploads\/2026\/04\/mac-ilusion-casting-837x1024.webp","datePublished":"2026-04-07T07:48:55+00:00","dateModified":"2026-05-07T17:22:20+00:00","breadcrumb":{"@id":"https:\/\/test.cursosarysa.es\/en\/casting\/#breadcrumb"},"inLanguage":"en-US","potentialAction":[{"@type":"ReadAction","target":["https:\/\/test.cursosarysa.es\/en\/casting\/"]}]},{"@type":"ImageObject","inLanguage":"en-US","@id":"https:\/\/test.cursosarysa.es\/en\/casting\/#primaryimage","url":"https:\/\/test.cursosarysa.es\/wp-content\/uploads\/2026\/04\/mac-ilusion-casting-837x1024.webp","contentUrl":"https:\/\/test.cursosarysa.es\/wp-content\/uploads\/2026\/04\/mac-ilusion-casting-837x1024.webp"},{"@type":"BreadcrumbList","@id":"https:\/\/test.cursosarysa.es\/en\/casting\/#breadcrumb","itemListElement":[{"@type":"ListItem","position":1,"name":"Portada","item":"https:\/\/test.cursosarysa.es\/en\/home\/"},{"@type":"ListItem","position":2,"name":"Casting"}]},{"@type":"WebSite","@id":"https:\/\/test.cursosarysa.es\/#website","url":"https:\/\/test.cursosarysa.es\/","name":"Mac Ilusi\u00f3n","description":"","publisher":{"@id":"https:\/\/test.cursosarysa.es\/#organization"},"potentialAction":[{"@type":"SearchAction","target":{"@type":"EntryPoint","urlTemplate":"https:\/\/test.cursosarysa.es\/?s={search_term_string}"},"query-input":{"@type":"PropertyValueSpecification","valueRequired":true,"valueName":"search_term_string"}}],"inLanguage":"en-US"},{"@type":"Organization","@id":"https:\/\/test.cursosarysa.es\/#organization","name":"Mac Ilusi\u00f3n","url":"https:\/\/test.cursosarysa.es\/","logo":{"@type":"ImageObject","inLanguage":"en-US","@id":"https:\/\/test.cursosarysa.es\/#\/schema\/logo\/image\/","url":"https:\/\/test.cursosarysa.es\/wp-content\/uploads\/2026\/03\/10.svg","contentUrl":"https:\/\/test.cursosarysa.es\/wp-content\/uploads\/2026\/03\/10.svg","width":775,"height":152,"caption":"Mac Ilusi\u00f3n"},"image":{"@id":"https:\/\/test.cursosarysa.es\/#\/schema\/logo\/image\/"}}]}},"_links":{"self":[{"href":"https:\/\/test.cursosarysa.es\/en\/wp-json\/wp\/v2\/pages\/1782","targetHints":{"allow":["GET"]}}],"collection":[{"href":"https:\/\/test.cursosarysa.es\/en\/wp-json\/wp\/v2\/pages"}],"about":[{"href":"https:\/\/test.cursosarysa.es\/en\/wp-json\/wp\/v2\/types\/page"}],"author":[{"embeddable":true,"href":"https:\/\/test.cursosarysa.es\/en\/wp-json\/wp\/v2\/users\/1"}],"replies":[{"embeddable":true,"href":"https:\/\/test.cursosarysa.es\/en\/wp-json\/wp\/v2\/comments?post=1782"}],"version-history":[{"count":1,"href":"https:\/\/test.cursosarysa.es\/en\/wp-json\/wp\/v2\/pages\/1782\/revisions"}],"predecessor-version":[{"id":1783,"href":"https:\/\/test.cursosarysa.es\/en\/wp-json\/wp\/v2\/pages\/1782\/revisions\/1783"}],"wp:attachment":[{"href":"https:\/\/test.cursosarysa.es\/en\/wp-json\/wp\/v2\/media?parent=1782"}],"curies":[{"name":"wp","href":"https:\/\/api.w.org\/{rel}","templated":true}]}}